{"id":235,"date":"2024-02-29T14:04:36","date_gmt":"2024-02-29T14:04:36","guid":{"rendered":"https:\/\/adhocry.fi\/?page_id=235"},"modified":"2024-03-01T08:54:24","modified_gmt":"2024-03-01T08:54:24","slug":"mita-on-hallintotiede","status":"publish","type":"page","link":"https:\/\/adhocry.fi\/index.php\/mita-on-hallintotiede\/","title":{"rendered":"Mit\u00e4 on hallintotiede?"},"content":{"rendered":"\n<p>Hallintotieteen opintosuunta on yksi viidest\u00e4 Tampereen yliopiston hallintotieteiden tutkinto-ohjelman opintosuunnasta.   <\/p>\n\n\n\n<p>Hallintotieteess\u00e4 tarkastelun kohteena ovat esimerkiksi organisaatiot, johtaminen sek\u00e4 julkinen politiikka. Opinnot tarjoavat syv\u00e4n ymm\u00e4rryksen yhteiskunnallisista rakenteisista ja hallinnon rakenteisiin kohdistuvista muutospyrkimyksist\u00e4. Opintosuunnan keskeisi\u00e4 teemoja ovat esimerkiksi organisaatiot ja johtaminen, julkinen hallinto ja politiikka sek\u00e4 julkiset palvelut. <\/p>\n\n\n\n<p>Lue lis\u00e4\u00e4 hallintotieteen opinnoista <a href=\"https:\/\/www.tuni.fi\/fi\/tutustu-meihin\/hallintotiede#switcher-trigger-esittely\" data-type=\"link\" data-id=\"https:\/\/www.tuni.fi\/fi\/tutustu-meihin\/hallintotiede#switcher-trigger-esittely\">t\u00e4\u00e4lt\u00e4<\/a> ja <a href=\"https:\/\/www.tuni.fi\/fi\/tule-opiskelemaan\/hallintotiede-hallintotieteiden-maisteriohjelma\">t\u00e4\u00e4lt\u00e4<\/a>.<\/p>\n\n\n\n<p>Hallintotieteen opintosuunnan opintojaksot l\u00f6ytyv\u00e4t <a href=\"https:\/\/www.tuni.fi\/opiskelijanopas\/opintotiedot\/opintojaksot\/?q=Hal.hati.&amp;year=2023\" data-type=\"link\" data-id=\"https:\/\/www.tuni.fi\/opiskelijanopas\/opintotiedot\/opintojaksot\/?q=Hal.hati.&amp;year=2023\">t\u00e4\u00e4lt\u00e4<\/a>. <\/p>\n\n\n\n<p><br><\/p>\n","protected":false},"excerpt":{"rendered":"<p>Hallintotieteen opintosuunta on yksi viidest\u00e4 Tampereen yliopiston hallintotieteiden tutkinto-ohjelman opintosuunnasta. Hallintotieteess\u00e4 tarkastelun kohteena ovat esimerkiksi organisaatiot, johtaminen sek\u00e4 julkinen politiikka. Opinnot tarjoavat syv\u00e4n ymm\u00e4rryksen yhteiskunnallisista rakenteisista ja hallinnon rakenteisiin kohdistuvista muutospyrkimyksist\u00e4. Opintosuunnan keskeisi\u00e4 teemoja ovat esimerkiksi organisaatiot ja johtaminen, julkinen hallinto ja politiikka sek\u00e4 julkiset palvelut. Lue lis\u00e4\u00e4 hallintotieteen opinnoista t\u00e4\u00e4lt\u00e4 ja t\u00e4\u00e4lt\u00e4. Hallintotieteen opintosuunnan&hellip;&nbsp;<a href=\"https:\/\/adhocry.fi\/index.php\/mita-on-hallintotiede\/\" class=\"\" rel=\"bookmark\">Lue lis\u00e4\u00e4 &raquo;<span class=\"screen-reader-text\">Mit\u00e4 on hallintotiede?<\/span><\/a><\/p>\n","protected":false},"author":1,"featured_media":0,"parent":0,"menu_order":0,"comment_status":"closed","ping_status":"closed","template":"","meta":{"neve_meta_sidebar":"","neve_meta_container":"","neve_meta_enable_content_width":"","neve_meta_content_width":0,"neve_meta_title_alignment":"","neve_meta_author_avatar":"","neve_post_elements_order":"","neve_meta_disable_header":"","neve_meta_disable_footer":"","neve_meta_disable_title":"","footnotes":""},"class_list":["post-235","page","type-page","status-publish","hentry"],"_links":{"self":[{"href":"https:\/\/adhocry.fi\/index.php\/wp-json\/wp\/v2\/pages\/235","targetHints":{"allow":["GET"]}}],"collection":[{"href":"https:\/\/adhocry.fi\/index.php\/wp-json\/wp\/v2\/pages"}],"about":[{"href":"https:\/\/adhocry.fi\/index.php\/wp-json\/wp\/v2\/types\/page"}],"author":[{"embeddable":true,"href":"https:\/\/adhocry.fi\/index.php\/wp-json\/wp\/v2\/users\/1"}],"replies":[{"embeddable":true,"href":"https:\/\/adhocry.fi\/index.php\/wp-json\/wp\/v2\/comments?post=235"}],"version-history":[{"count":3,"href":"https:\/\/adhocry.fi\/index.php\/wp-json\/wp\/v2\/pages\/235\/revisions"}],"predecessor-version":[{"id":249,"href":"https:\/\/adhocry.fi\/index.php\/wp-json\/wp\/v2\/pages\/235\/revisions\/249"}],"wp:attachment":[{"href":"https:\/\/adhocry.fi\/index.php\/wp-json\/wp\/v2\/media?parent=235"}],"curies":[{"name":"wp","href":"https:\/\/api.w.org\/{rel}","templated":true}]}}