{"id":174,"date":"2024-02-16T14:14:41","date_gmt":"2024-02-16T14:14:41","guid":{"rendered":"https:\/\/adhocry.fi\/?page_id=174"},"modified":"2025-04-22T13:43:49","modified_gmt":"2025-04-22T13:43:49","slug":"toiminta","status":"publish","type":"page","link":"https:\/\/adhocry.fi\/index.php\/toiminta\/","title":{"rendered":"Toiminta"},"content":{"rendered":"\n<h3 class=\"wp-block-heading\">Breikkikahvit<\/h3>\n\n\n\n<p>Perinteiset breikkikahvit ovat erinomainen mahdollisuus p\u00e4\u00e4st\u00e4 tutustumaan kanssaopiskelijoihin sek\u00e4 hallintotieteen henkil\u00f6kuntaan. Breikkikahvit pyrit\u00e4\u00e4n j\u00e4rjest\u00e4m\u00e4\u00e4n periodeittain. Breikkikahveilla p\u00e4\u00e4see keskustelemaan sek\u00e4 opinnoista ett\u00e4 muista ajankohtaisista asioista rennoissa tunnelmissa. <\/p>\n\n\n\n<p>Tulevista breikkikahveista ja niiden ajankohdista ilmoitetaan Ad Hocin sosiaalisen median kanavilla. Tervetuloa! <\/p>\n\n\n\n<h3 class=\"wp-block-heading\">Hallintotieteen opintojen kehitt\u00e4minen<\/h3>\n\n\n\n<p>Toiminnallamme pyrimme osallistumaan hallintotieteen opetuksen kehitt\u00e4miseen. Haluamme vied\u00e4 j\u00e4senist\u00f6mme ajatuksia opinnoista my\u00f6s yliopiston henkil\u00f6kunnalle. Opintojen kehitt\u00e4mist\u00e4 varten olemme s\u00e4\u00e4nn\u00f6llisesti yhteydess\u00e4 hallintotieteen henkil\u00f6kunnan kanssa. Olemme esimerkiksi toteuttaneet opintokyselyit\u00e4 j\u00e4senist\u00f6llemme.<\/p>\n\n\n\n<h3 class=\"wp-block-heading\">Edunvalvonta<\/h3>\n\n\n\n<p>Toimimme hallintotieteen opiskelijoiden etuj\u00e4rjest\u00f6n\u00e4, mink\u00e4 vuoksi teht\u00e4v\u00e4n\u00e4mme on my\u00f6s valvoa j\u00e4senist\u00f6mme etua. Koulutuspoliittisiin ja eduvalvontaan liittyviss\u00e4 kysymyksiss\u00e4 voit ottaa yhteytt\u00e4 eritt\u00e4in matalalla kynnyksell\u00e4 koulutuspoliittiseen vastaavaamme. <\/p>\n\n\n\n<p>Vuonna 2025 hallituksen koulutuspoliittinen vastaava on Ada Siikaluoma (etunimi.sukunimi (at) tuni.fi).<\/p>\n\n\n\n<h3 class=\"wp-block-heading\">Ty\u00f6el\u00e4m\u00e4tapahtumat<\/h3>\n\n\n\n<p>Ad Hocin ty\u00f6el\u00e4m\u00e4tapahtumissa p\u00e4\u00e4set kuulemaan ty\u00f6el\u00e4m\u00e4tarinoita ja erilaisista ty\u00f6el\u00e4m\u00e4mahdollisuuksista. Ad Hoc on j\u00e4rjest\u00e4nyt excursioita muun muassa valtion virastoihin yhdess\u00e4 muiden opintosuuntaj\u00e4rjest\u00f6jen kanssa.<\/p>\n\n\n\n<h3 class=\"wp-block-heading\">Telegram-kanava<\/h3>\n\n\n\n<p>Tarjoamme j\u00e4senist\u00f6llemme tietoa hallintotieteen ajankohtaisista asioista. Ad Hoc viestii esimerkiksi Telegram-kanavan kautta. Kanavalla jaetaan tietoa esimerkiksi tulevista tapahtumista ja ty\u00f6el\u00e4m\u00e4mahdollisuuksista. Liittymislinkki l\u00f6ytyy esimerkiksi <a href=\"https:\/\/www.instagram.com\/adhocry\">Ad Hocin Instagramista<\/a>.<\/p>\n\n\n\n<p><\/p>\n","protected":false},"excerpt":{"rendered":"<p>Breikkikahvit Perinteiset breikkikahvit ovat erinomainen mahdollisuus p\u00e4\u00e4st\u00e4 tutustumaan kanssaopiskelijoihin sek\u00e4 hallintotieteen henkil\u00f6kuntaan. Breikkikahvit pyrit\u00e4\u00e4n j\u00e4rjest\u00e4m\u00e4\u00e4n periodeittain. Breikkikahveilla p\u00e4\u00e4see keskustelemaan sek\u00e4 opinnoista ett\u00e4 muista ajankohtaisista asioista rennoissa tunnelmissa. Tulevista breikkikahveista ja niiden ajankohdista ilmoitetaan Ad Hocin sosiaalisen median kanavilla. Tervetuloa! Hallintotieteen opintojen kehitt\u00e4minen Toiminnallamme pyrimme osallistumaan hallintotieteen opetuksen kehitt\u00e4miseen. Haluamme vied\u00e4 j\u00e4senist\u00f6mme ajatuksia opinnoista my\u00f6s yliopiston&hellip;&nbsp;<a href=\"https:\/\/adhocry.fi\/index.php\/toiminta\/\" class=\"\" rel=\"bookmark\">Lue lis\u00e4\u00e4 &raquo;<span class=\"screen-reader-text\">Toiminta<\/span><\/a><\/p>\n","protected":false},"author":1,"featured_media":0,"parent":0,"menu_order":0,"comment_status":"closed","ping_status":"closed","template":"","meta":{"neve_meta_sidebar":"","neve_meta_container":"","neve_meta_enable_content_width":"","neve_meta_content_width":0,"neve_meta_title_alignment":"","neve_meta_author_avatar":"","neve_post_elements_order":"","neve_meta_disable_header":"","neve_meta_disable_footer":"","neve_meta_disable_title":"","footnotes":""},"class_list":["post-174","page","type-page","status-publish","hentry"],"_links":{"self":[{"href":"https:\/\/adhocry.fi\/index.php\/wp-json\/wp\/v2\/pages\/174","targetHints":{"allow":["GET"]}}],"collection":[{"href":"https:\/\/adhocry.fi\/index.php\/wp-json\/wp\/v2\/pages"}],"about":[{"href":"https:\/\/adhocry.fi\/index.php\/wp-json\/wp\/v2\/types\/page"}],"author":[{"embeddable":true,"href":"https:\/\/adhocry.fi\/index.php\/wp-json\/wp\/v2\/users\/1"}],"replies":[{"embeddable":true,"href":"https:\/\/adhocry.fi\/index.php\/wp-json\/wp\/v2\/comments?post=174"}],"version-history":[{"count":11,"href":"https:\/\/adhocry.fi\/index.php\/wp-json\/wp\/v2\/pages\/174\/revisions"}],"predecessor-version":[{"id":323,"href":"https:\/\/adhocry.fi\/index.php\/wp-json\/wp\/v2\/pages\/174\/revisions\/323"}],"wp:attachment":[{"href":"https:\/\/adhocry.fi\/index.php\/wp-json\/wp\/v2\/media?parent=174"}],"curies":[{"name":"wp","href":"https:\/\/api.w.org\/{rel}","templated":true}]}}