{"id":145,"date":"2024-02-16T14:01:23","date_gmt":"2024-02-16T14:01:23","guid":{"rendered":"https:\/\/adhocry.fi\/?page_id=145"},"modified":"2024-02-29T13:13:45","modified_gmt":"2024-02-29T13:13:45","slug":"tietosuojaseloste","status":"publish","type":"page","link":"https:\/\/adhocry.fi\/index.php\/tietosuojaseloste\/","title":{"rendered":"Tietosuojaseloste"},"content":{"rendered":"\n<p>Rekisterinpit\u00e4j\u00e4n informointi rekister\u00f6idylle EU:n yleinen tietosuoja-asetus, (2016\/679) Ad Hoc-Tampereen yliopiston hallintotieteen opiskelijat ry<\/p>\n\n\n\n<p>27.10.2021 <\/p>\n\n\n\n<p>Henkil\u00f6rekisterin tiedot <\/p>\n\n\n\n<p>1 Varsinaisena rekisterinpit\u00e4j\u00e4n\u00e4 toimii Treanglo Oy. Rekisterin pit\u00e4j\u00e4 toimii Ad Hoc- Tampereen yliopiston hallintotieteen opiskelijat ry:n valtuuttamana, yhdess\u00e4 solmitun yhteisty\u00f6sopimuksen mukaisesti. Henkil\u00f6tietojen k\u00e4sittelij\u00e4n\u00e4 toimii Ad Hoc- Tampereen yliopiston hallintotieteen opiskelijat ry. <\/p>\n\n\n\n<p>2 Rekisteriasioita hoitaa hallituksen tietohallintotoimihenkil\u00f6 (adhocry(at)gmail.com). <\/p>\n\n\n\n<p>3 Rekisterin nimi on Ad Hoc- Tampereen yliopiston hallintotieteen opiskelijat ry:n j\u00e4senrekisteri <\/p>\n\n\n\n<p>4 Henkil\u00f6tietojen k\u00e4sittelyn tarkoitus<br>Yhdistyslain (503\/1989) edellytt\u00e4m\u00e4n j\u00e4senrekisterin yll\u00e4pito<br>Kohdistettu tiedottaminen yhdistyksen j\u00e4senille <\/p>\n\n\n\n<p>5 Henkil\u00f6tietojen k\u00e4sittelyn lainmukaisuus<br>Lakis\u00e4\u00e4teinen velvoite (Yhdistyslaki 503\/1989)<br>Rekister\u00f6idyn oma suostumus <\/p>\n\n\n\n<p>6 Rekisterin tietosis\u00e4lt\u00f6<br>&#8211; Nimi<br>&#8211; S\u00e4hk\u00f6postiosoite<br>&#8211; Liittymisp\u00e4iv\u00e4<br>&#8211; Maksetun j\u00e4senmaksun suuruus<br>&#8211; Kotipaikkakunta <\/p>\n\n\n\n<p>7 S\u00e4\u00e4nn\u00f6nmukaiset tietol\u00e4hteet<br>J\u00e4seneksiliittymislomake l\u00f6ytyy kide.app nettisivuilta, johon ohjataan Ad Hoc ry:n omien verkkosivujen kautta. <\/p>\n\n\n\n<p>8 S\u00e4\u00e4nn\u00f6nmukaiset tietojenluovutukset<br>J\u00e4senrekisterin tietoja ei luovuteta ulkopuolisille tahoille. <\/p>\n\n\n\n<p>9 Rekisterin suojauksen periaatteet<br>J\u00e4sentiedot ovat s\u00e4hk\u00f6isess\u00e4 muodossa palvelimella, johon p\u00e4\u00e4see vain k\u00e4ytt\u00e4j\u00e4tunnuksen ja salasanan avulla. <\/p>\n\n\n\n<p>10 Tietojen s\u00e4ilytys<br>S\u00e4ilytys toteutetaan yhdistyksen s\u00e4\u00e4nt\u00f6jen mukaan. Uusien j\u00e4senten tietoja s\u00e4ilytet\u00e4\u00e4n v\u00e4hint\u00e4\u00e4n 7 vuotta. <\/p>\n\n\n\n<p>11 Rekisteritietojen yll\u00e4pitoj\u00e4rjestelm\u00e4t (j\u00e4rjestelm\u00e4n\/sovelluksen nimi\/nimet)<br>&#8211; Kide.app<\/p>\n\n\n\n<p>12 Rekisteriss\u00e4 on manuaalista (paperi) aineistoa<br>Ei<\/p>\n\n\n\n<p>13 Rekisterin tietol\u00e4hteet<br>Rekister\u00f6ity itse<\/p>\n","protected":false},"excerpt":{"rendered":"<p>Rekisterinpit\u00e4j\u00e4n informointi rekister\u00f6idylle EU:n yleinen tietosuoja-asetus, (2016\/679) Ad Hoc-Tampereen yliopiston hallintotieteen opiskelijat ry 27.10.2021 Henkil\u00f6rekisterin tiedot 1 Varsinaisena rekisterinpit\u00e4j\u00e4n\u00e4 toimii Treanglo Oy. Rekisterin pit\u00e4j\u00e4 toimii Ad Hoc- Tampereen yliopiston hallintotieteen opiskelijat ry:n valtuuttamana, yhdess\u00e4 solmitun yhteisty\u00f6sopimuksen mukaisesti. Henkil\u00f6tietojen k\u00e4sittelij\u00e4n\u00e4 toimii Ad Hoc- Tampereen yliopiston hallintotieteen opiskelijat ry. 2 Rekisteriasioita hoitaa hallituksen tietohallintotoimihenkil\u00f6 (adhocry(at)gmail.com). 3 Rekisterin&hellip;&nbsp;<a href=\"https:\/\/adhocry.fi\/index.php\/tietosuojaseloste\/\" class=\"\" rel=\"bookmark\">Lue lis\u00e4\u00e4 &raquo;<span class=\"screen-reader-text\">Tietosuojaseloste<\/span><\/a><\/p>\n","protected":false},"author":1,"featured_media":0,"parent":0,"menu_order":0,"comment_status":"closed","ping_status":"closed","template":"","meta":{"neve_meta_sidebar":"","neve_meta_container":"","neve_meta_enable_content_width":"","neve_meta_content_width":0,"neve_meta_title_alignment":"","neve_meta_author_avatar":"","neve_post_elements_order":"","neve_meta_disable_header":"","neve_meta_disable_footer":"","neve_meta_disable_title":"","footnotes":""},"class_list":["post-145","page","type-page","status-publish","hentry"],"_links":{"self":[{"href":"https:\/\/adhocry.fi\/index.php\/wp-json\/wp\/v2\/pages\/145","targetHints":{"allow":["GET"]}}],"collection":[{"href":"https:\/\/adhocry.fi\/index.php\/wp-json\/wp\/v2\/pages"}],"about":[{"href":"https:\/\/adhocry.fi\/index.php\/wp-json\/wp\/v2\/types\/page"}],"author":[{"embeddable":true,"href":"https:\/\/adhocry.fi\/index.php\/wp-json\/wp\/v2\/users\/1"}],"replies":[{"embeddable":true,"href":"https:\/\/adhocry.fi\/index.php\/wp-json\/wp\/v2\/comments?post=145"}],"version-history":[{"count":2,"href":"https:\/\/adhocry.fi\/index.php\/wp-json\/wp\/v2\/pages\/145\/revisions"}],"predecessor-version":[{"id":229,"href":"https:\/\/adhocry.fi\/index.php\/wp-json\/wp\/v2\/pages\/145\/revisions\/229"}],"wp:attachment":[{"href":"https:\/\/adhocry.fi\/index.php\/wp-json\/wp\/v2\/media?parent=145"}],"curies":[{"name":"wp","href":"https:\/\/api.w.org\/{rel}","templated":true}]}}