{"id":122,"date":"2024-02-15T16:31:40","date_gmt":"2024-02-15T16:31:40","guid":{"rendered":"https:\/\/adhocry.fi\/?page_id=122"},"modified":"2026-01-28T12:10:08","modified_gmt":"2026-01-28T12:10:08","slug":"jasenyys","status":"publish","type":"page","link":"https:\/\/adhocry.fi\/index.php\/jasenyys\/","title":{"rendered":"J\u00e4senyys"},"content":{"rendered":"\n<p>Voit liitty\u00e4 yhdistyksen j\u00e4seneksi maksamalla j\u00e4senmaksun <a href=\"https:\/\/kide.app\/memberships\/e56bbdbb-0fc8-4ecc-889e-98190b0795ae\">Kide.App<\/a>-palvelussa. Maksamalla j\u00e4senmaksun, j\u00e4senyytesi on aina voimassa. Kannatusj\u00e4senmaksun voi maksaa vuosittain.<\/p>\n\n\n\n<p>Ad Hoc ry:n j\u00e4senmaksu: 4,5\u20ac (ei sis\u00e4ll\u00e4 kide.app palvelumaksua)<\/p>\n\n\n\n<p><strong>Tue Ad Hocia ja liity kannatusj\u00e4seneksi!<\/strong><\/p>\n\n\n\n<p>Ad Hoc ry:n kannatusj\u00e4senmaksu: 19,50\u20ac, 39,50\u20ac ja 59,50\u20ac (ei sis\u00e4ll\u00e4 kide.app palvelumaksua)<\/p>\n\n\n\n<p>Ad Hocin j\u00e4senen\u00e4 saat:<\/p>\n\n\n\n<ul class=\"wp-block-list\">\n<li>Osallistumisoikeuden Ad Hoc ry:n kev\u00e4t- ja syyskokouksiin, vuosijuhliin sek\u00e4 muihin tapahtumiin<\/li>\n\n\n\n<li>Hyv\u00e4n kanavan vaikuttaa hallintotieteen opetuksen kehitt\u00e4miseen<\/li>\n\n\n\n<li>Tuoretta tietoa oppiaineemme ajankohtaisista asioista<\/li>\n<\/ul>\n\n\n\n<p><\/p>\n\n\n\n<p><a href=\"https:\/\/kide.app\/memberships\/e56bbdbb-0fc8-4ecc-889e-98190b0795ae\">Liity j\u00e4seneksi painamalla t\u00e4st\u00e4!<\/a><\/p>\n\n\n\n<p><strong>Tervetuloa j\u00e4seneksi!<\/strong><\/p>\n","protected":false},"excerpt":{"rendered":"<p>Voit liitty\u00e4 yhdistyksen j\u00e4seneksi maksamalla j\u00e4senmaksun Kide.App-palvelussa. Maksamalla j\u00e4senmaksun, j\u00e4senyytesi on aina voimassa. Kannatusj\u00e4senmaksun voi maksaa vuosittain. Ad Hoc ry:n j\u00e4senmaksu: 4,5\u20ac (ei sis\u00e4ll\u00e4 kide.app palvelumaksua) Tue Ad Hocia ja liity kannatusj\u00e4seneksi! Ad Hoc ry:n kannatusj\u00e4senmaksu: 19,50\u20ac, 39,50\u20ac ja 59,50\u20ac (ei sis\u00e4ll\u00e4 kide.app palvelumaksua) Ad Hocin j\u00e4senen\u00e4 saat: Liity j\u00e4seneksi painamalla t\u00e4st\u00e4! Tervetuloa j\u00e4seneksi!<\/p>\n","protected":false},"author":1,"featured_media":0,"parent":0,"menu_order":0,"comment_status":"closed","ping_status":"closed","template":"","meta":{"neve_meta_sidebar":"","neve_meta_container":"","neve_meta_enable_content_width":"","neve_meta_content_width":0,"neve_meta_title_alignment":"","neve_meta_author_avatar":"","neve_post_elements_order":"","neve_meta_disable_header":"","neve_meta_disable_footer":"","neve_meta_disable_title":"","footnotes":""},"class_list":["post-122","page","type-page","status-publish","hentry"],"_links":{"self":[{"href":"https:\/\/adhocry.fi\/index.php\/wp-json\/wp\/v2\/pages\/122","targetHints":{"allow":["GET"]}}],"collection":[{"href":"https:\/\/adhocry.fi\/index.php\/wp-json\/wp\/v2\/pages"}],"about":[{"href":"https:\/\/adhocry.fi\/index.php\/wp-json\/wp\/v2\/types\/page"}],"author":[{"embeddable":true,"href":"https:\/\/adhocry.fi\/index.php\/wp-json\/wp\/v2\/users\/1"}],"replies":[{"embeddable":true,"href":"https:\/\/adhocry.fi\/index.php\/wp-json\/wp\/v2\/comments?post=122"}],"version-history":[{"count":9,"href":"https:\/\/adhocry.fi\/index.php\/wp-json\/wp\/v2\/pages\/122\/revisions"}],"predecessor-version":[{"id":348,"href":"https:\/\/adhocry.fi\/index.php\/wp-json\/wp\/v2\/pages\/122\/revisions\/348"}],"wp:attachment":[{"href":"https:\/\/adhocry.fi\/index.php\/wp-json\/wp\/v2\/media?parent=122"}],"curies":[{"name":"wp","href":"https:\/\/api.w.org\/{rel}","templated":true}]}}